{"id":3719,"date":"2023-04-24T04:44:41","date_gmt":"2023-04-24T02:44:41","guid":{"rendered":"https:\/\/chamoisdor-alpedhuez.com\/contact\/"},"modified":"2026-01-17T08:12:06","modified_gmt":"2026-01-17T07:12:06","slug":"contact","status":"publish","type":"page","link":"https:\/\/chamoisdor-alpedhuez.com\/en\/contact\/","title":{"rendered":"Contact H\u00f4tel Au Chamois d&#8217;Or in l&#8217;Alpe d&#8217;Huez"},"content":{"rendered":"\t\t<div data-elementor-type=\"wp-page\" data-elementor-id=\"3719\" class=\"elementor elementor-3719 elementor-13\">\n\t\t\t\t\t\t<section class=\"elementor-section elementor-top-section elementor-element elementor-element-3721c029 elementor-section-height-min-height cs-section-content-fullwidth cs-parallax-on-scroll cs_scroll_y_80 elementor-section-boxed elementor-section-height-default elementor-section-items-middle\" data-id=\"3721c029\" data-element_type=\"section\" data-e-type=\"section\" data-settings=\"{&quot;background_background&quot;:&quot;classic&quot;}\" data-cs-parallax-y=\"80\">\n\t\t\t\t\t\t\t<div class=\"elementor-background-overlay\"><\/div>\n\t\t\t\t\t\t\t<div class=\"elementor-container elementor-column-gap-no\">\n\t\t\t\t\t<div class=\"elementor-column elementor-col-100 elementor-top-column elementor-element elementor-element-1dd27aea dark-color\" data-id=\"1dd27aea\" data-element_type=\"column\" data-e-type=\"column\">\n\t\t\t<div class=\"elementor-widget-wrap\">\n\t\t\t\t\t\t\t<\/div>\n\t\t<\/div>\n\t\t\t\t\t<\/div>\n\t\t<\/section>\n\t\t\t\t<section class=\"elementor-section elementor-top-section elementor-element elementor-element-075d68b elementor-section-boxed elementor-section-height-default elementor-section-height-default elementor-invisible\" data-id=\"075d68b\" data-element_type=\"section\" data-e-type=\"section\" data-settings=\"{&quot;background_background&quot;:&quot;classic&quot;,&quot;animation&quot;:&quot;fadeIn&quot;,&quot;animation_delay&quot;:150}\">\n\t\t\t\t\t\t<div class=\"elementor-container elementor-column-gap-no\">\n\t\t\t\t\t<div class=\"elementor-column elementor-col-50 elementor-top-column elementor-element elementor-element-1a4680f\" data-id=\"1a4680f\" data-element_type=\"column\" data-e-type=\"column\" data-settings=\"{&quot;background_background&quot;:&quot;classic&quot;}\">\n\t\t\t<div class=\"elementor-widget-wrap elementor-element-populated\">\n\t\t\t\t\t\t<div class=\"elementor-element elementor-element-446df4b elementor-widget elementor-widget-spacer\" data-id=\"446df4b\" data-element_type=\"widget\" data-e-type=\"widget\" data-widget_type=\"spacer.default\">\n\t\t\t\t<div class=\"elementor-widget-container\">\n\t\t\t\t\t\t\t<div class=\"elementor-spacer\">\n\t\t\t<div class=\"elementor-spacer-inner\"><\/div>\n\t\t<\/div>\n\t\t\t\t\t\t<\/div>\n\t\t\t\t<\/div>\n\t\t\t\t\t<\/div>\n\t\t<\/div>\n\t\t\t\t<div class=\"elementor-column elementor-col-50 elementor-top-column elementor-element elementor-element-4e0a982\" data-id=\"4e0a982\" data-element_type=\"column\" data-e-type=\"column\" data-settings=\"{&quot;background_background&quot;:&quot;classic&quot;}\">\n\t\t\t<div class=\"elementor-widget-wrap elementor-element-populated\">\n\t\t\t\t\t\t<div class=\"elementor-element elementor-element-8ff0c70 elementor-widget elementor-widget-cs_title\" data-id=\"8ff0c70\" data-element_type=\"widget\" data-e-type=\"widget\" data-widget_type=\"cs_title.default\">\n\t\t\t\t<div class=\"elementor-widget-container\">\n\t\t\t\t\t\n        <div class=\"cs-title-wrap text-center\">\t            <div class=\"cs-subtitle-wrap\"><span class=\"cs-subtitle\">Contact us for more information<\/span><\/div>\t            <h1 class=\"cs-title\">\n\t                Send us any questions here\t            <\/h1>\t            <div class=\"cs-title-text\">\n\t                <p>Our teams are here to help you organise your wonderful stay at Hotel au Chamois d&#8217;Or<\/p>\t            <\/div>        <\/div>\t\t\t\t<\/div>\n\t\t\t\t<\/div>\n\t\t\t\t<div class=\"elementor-element elementor-element-6bd8f54 elementor-widget elementor-widget-html\" data-id=\"6bd8f54\" data-element_type=\"widget\" data-e-type=\"widget\" data-widget_type=\"html.default\">\n\t\t\t\t<div class=\"elementor-widget-container\">\n\t\t\t\t\t<div class=\"elementor-element elementor-element-cd81cdf elementor-align-center elementor-widget elementor-widget-cs_button\" data-id=\"cd81cdf\" data-element_type=\"widget\" data-widget_type=\"cs_button.default\">\n\t\t\t\t<div class=\"elementor-widget-container\">\n\t\t\t        <a class=\"button\" role=\"button\" onclick=\"FreshworksWidget('open');\">\n            <span class=\"cs-btn-text\">Contact us here<\/span>        <\/a>\t\t<\/div>\n\t\t\t\t<\/div>\t\t\t\t<\/div>\n\t\t\t\t<\/div>\n\t\t\t\t\t<\/div>\n\t\t<\/div>\n\t\t\t\t\t<\/div>\n\t\t<\/section>\n\t\t\t\t<section class=\"elementor-section elementor-top-section elementor-element elementor-element-86191c5 cs-animation-small-offset elementor-section-boxed elementor-section-height-default elementor-section-height-default elementor-invisible\" data-id=\"86191c5\" data-element_type=\"section\" data-e-type=\"section\" data-settings=\"{&quot;animation&quot;:&quot;fadeInUp&quot;,&quot;animation_delay&quot;:150}\">\n\t\t\t\t\t\t<div class=\"elementor-container elementor-column-gap-no\">\n\t\t\t\t\t<div class=\"elementor-column elementor-col-50 elementor-top-column elementor-element elementor-element-33b28b2\" data-id=\"33b28b2\" data-element_type=\"column\" data-e-type=\"column\">\n\t\t\t<div class=\"elementor-widget-wrap elementor-element-populated\">\n\t\t\t\t\t\t<div class=\"elementor-element elementor-element-7f10965 elementor-widget elementor-widget-cs_title\" data-id=\"7f10965\" data-element_type=\"widget\" data-e-type=\"widget\" data-widget_type=\"cs_title.default\">\n\t\t\t\t<div class=\"elementor-widget-container\">\n\t\t\t\t\t\n        <div class=\"cs-title-wrap text-center\">\t            <div class=\"cs-subtitle-wrap\"><span class=\"cs-subtitle\">Welcome to the hotel Au Chamois d'Or<\/span><\/div>\t            <h6 class=\"cs-title\">\n\t                Hotel reception team\t            <\/h6>\t            <div class=\"cs-title-text\">\n\t                <p>Opening hours: 24 hours a day on opening dates<\/p><p>H\u00f4tel Au Chamois d&#8217;Or,<br>168 Rue de Fontbelle<br>38750 Huez<\/p><p><a href=\"tel:+33476803132\">+33 4 76 80 31 32<\/a><\/p>\t            <\/div>                <div class=\"cs-title-btn\">\n                    <a class=\"button elementor-button-link cs-btn-underline\" role=\"button\" href=\"https:\/\/maps.app.goo.gl\/pEq88EtbHwrjvRwC7\" target=\"_blank\">\n                        <span class=\"cs-btn-text\">See the hotel on a map<\/span>                    <\/a>\n                <\/div>\n                    <\/div>\t\t\t\t<\/div>\n\t\t\t\t<\/div>\n\t\t\t\t\t<\/div>\n\t\t<\/div>\n\t\t\t\t<div class=\"elementor-column elementor-col-50 elementor-top-column elementor-element elementor-element-f0d8fae\" data-id=\"f0d8fae\" data-element_type=\"column\" data-e-type=\"column\">\n\t\t\t<div class=\"elementor-widget-wrap elementor-element-populated\">\n\t\t\t\t\t\t<div class=\"elementor-element elementor-element-0c5aba6 elementor-widget elementor-widget-cs_title\" data-id=\"0c5aba6\" data-element_type=\"widget\" data-e-type=\"widget\" data-widget_type=\"cs_title.default\">\n\t\t\t\t<div class=\"elementor-widget-container\">\n\t\t\t\t\t\n        <div class=\"cs-title-wrap text-center\">\t            <div class=\"cs-subtitle-wrap\"><span class=\"cs-subtitle\">Get the best advice from our experienced team<\/span><\/div>\t            <h6 class=\"cs-title\">\n\t                Booking team\t            <\/h6>\t            <div class=\"cs-title-text\">\n\t                <p>Opening hours: Monday to Friday, 9 am. to 6 pm.<\/p><p>Les Etincelles &#8211; Peak Management<br>410 Route des Saules<br>73110 Rotherens<\/p><p><a href=\"tel:+33465848788\">+33 4 65 84 87 88<\/a><\/p>\t            <\/div>        <\/div>\t\t\t\t<\/div>\n\t\t\t\t<\/div>\n\t\t\t\t\t<\/div>\n\t\t<\/div>\n\t\t\t\t\t<\/div>\n\t\t<\/section>\n\t\t<div class=\"elementor-element elementor-element-f497cbe e-flex e-con-boxed e-con e-parent\" data-id=\"f497cbe\" data-element_type=\"container\" data-e-type=\"container\">\n\t\t\t\t\t<div class=\"e-con-inner\">\n\t\t\t\t<div class=\"elementor-element elementor-element-b3ccd8f elementor-widget elementor-widget-html\" data-id=\"b3ccd8f\" data-element_type=\"widget\" data-e-type=\"widget\" data-widget_type=\"html.default\">\n\t\t\t\t<div class=\"elementor-widget-container\">\n\t\t\t\t\t<script>window.fwSettings={\n\t'widget_id':201000001572\n\t};\n\t!function(){if(\"function\"!=typeof window.FreshworksWidget){var n=function(){n.q.push(arguments)};n.q=[],window.FreshworksWidget=n}}() \n<\/script><script type='text\/javascript' src='https:\/\/euc-widget.freshworks.com\/widgets\/201000001572.js' async defer><\/script>\t\t\t\t<\/div>\n\t\t\t\t<\/div>\n\t\t\t\t\t<\/div>\n\t\t\t\t<\/div>\n\t\t\t\t<\/div>\n\t\t","protected":false},"excerpt":{"rendered":"<p>Contact us for more information Send us any questions here Our teams are here to help you organise your wonderful stay at Hotel au Chamois d&#8217;Or Contact us here Welcome to the hotel Au Chamois d&#8217;Or Hotel reception team Opening hours: 24 hours a day on opening dates H\u00f4tel Au Chamois d&#8217;Or,168 Rue de Fontbelle38750 &#8230;<\/p>\n","protected":false},"author":1,"featured_media":5059,"parent":0,"menu_order":0,"comment_status":"closed","ping_status":"closed","template":"template-wide-content.php","meta":{"cozystay_single_page_hide_site_header":"","cozystay_single_page_site_header_source":"","cozystay_single_page_custom_site_header":"0","cozystay_single_page_custom_sticky_site_header":"0","cozystay_single_page_hide_page_title":"","cozystay_single_page_header_section_size":"","cozystay_single_page_header_background_color":"","cozystay_single_page_header_background_position_x":"center","cozystay_single_page_header_background_position_y":"center","cozystay_single_page_header_background_size":"cover","cozystay_single_page_header_background_repeat":"off","cozystay_single_page_header_background_scroll":"on","cozystay_single_page_header_text_color":"","cozystay_single_page_header_show_breadcrumb":"","cozystay_single_page_site_footer_hide_main":"","cozystay_single_custom_site_footer_main_source":"","cozystay_single_custom_site_footer_main":"0","cozystay_single_page_site_footer_hide_above":"","cozystay_single_custom_site_footer_above_source":"","cozystay_single_custom_site_footer_above":"0","cozystay_single_page_site_footer_hide_instagram":"","cozystay_single_page_site_footer_hide_bottom":"","cozystay_single_custom_mobile_menu_source":"","cozystay_single_custom_mobile_menu":"0","cozystay_single_custom_mobile_menu_animation":"","cozystay_single_custom_mobile_menu_width":"","cozystay_single_custom_mobile_menu_custom_width":375,"footnotes":""},"class_list":["post-3719","page","type-page","status-publish","has-post-thumbnail","hentry"],"yoast_head":"<!-- This site is optimized with the Yoast SEO plugin v27.4 - https:\/\/yoast.com\/product\/yoast-seo-wordpress\/ -->\n<title>Contact H\u00f4tel Au Chamois d&#039;Or in l&#039;Alpe d&#039;Huez - H\u00f4tel Chamois d&#039;Or<\/title>\n<meta name=\"description\" content=\"Contact H\u00f4tel Au Chamois d&#039;Or in Alpe d&#039;Huez for any questions or reservations. We will be happy to help you.\" \/>\n<meta name=\"robots\" content=\"index, follow, max-snippet:-1, max-image-preview:large, max-video-preview:-1\" \/>\n<link rel=\"canonical\" href=\"https:\/\/chamoisdor-alpedhuez.com\/en\/contact\/\" \/>\n<meta property=\"og:locale\" content=\"en_GB\" \/>\n<meta property=\"og:type\" content=\"article\" \/>\n<meta property=\"og:title\" content=\"Contact H\u00f4tel Au Chamois d&#039;Or in l&#039;Alpe d&#039;Huez - H\u00f4tel Chamois d&#039;Or\" \/>\n<meta property=\"og:description\" content=\"Contact H\u00f4tel Au Chamois d&#039;Or in Alpe d&#039;Huez for any questions or reservations. We will be happy to help you.\" \/>\n<meta property=\"og:url\" content=\"https:\/\/chamoisdor-alpedhuez.com\/en\/contact\/\" \/>\n<meta property=\"og:site_name\" content=\"H\u00f4tel Chamois d&#039;Or\" \/>\n<meta property=\"article:publisher\" content=\"https:\/\/www.facebook.com\/campanulestignes\" \/>\n<meta property=\"article:modified_time\" content=\"2026-01-17T07:12:06+00:00\" \/>\n<meta property=\"og:image\" content=\"https:\/\/chamoisdor-alpedhuez.com\/wp-content\/uploads\/2024\/07\/casiers-a-ski-de-lhotel.jpg\" \/>\n\t<meta property=\"og:image:width\" content=\"1142\" \/>\n\t<meta property=\"og:image:height\" content=\"800\" \/>\n\t<meta property=\"og:image:type\" content=\"image\/jpeg\" \/>\n<meta name=\"twitter:card\" content=\"summary_large_image\" \/>\n<meta name=\"twitter:label1\" content=\"Estimated reading time\" \/>\n\t<meta name=\"twitter:data1\" content=\"1 minute\" \/>\n<script type=\"application\/ld+json\" class=\"yoast-schema-graph\">{\"@context\":\"https:\\\/\\\/schema.org\",\"@graph\":[{\"@type\":\"WebPage\",\"@id\":\"https:\\\/\\\/chamoisdor-alpedhuez.com\\\/en\\\/contact\\\/\",\"url\":\"https:\\\/\\\/chamoisdor-alpedhuez.com\\\/en\\\/contact\\\/\",\"name\":\"Contact H\u00f4tel Au Chamois d'Or in l'Alpe d'Huez - H\u00f4tel Chamois d&#039;Or\",\"isPartOf\":{\"@id\":\"https:\\\/\\\/chamoisdor-alpedhuez.com\\\/en\\\/#website\"},\"primaryImageOfPage\":{\"@id\":\"https:\\\/\\\/chamoisdor-alpedhuez.com\\\/en\\\/contact\\\/#primaryimage\"},\"image\":{\"@id\":\"https:\\\/\\\/chamoisdor-alpedhuez.com\\\/en\\\/contact\\\/#primaryimage\"},\"thumbnailUrl\":\"https:\\\/\\\/chamoisdor-alpedhuez.com\\\/wp-content\\\/uploads\\\/2024\\\/07\\\/casiers-a-ski-de-lhotel.jpg\",\"datePublished\":\"2023-04-24T02:44:41+00:00\",\"dateModified\":\"2026-01-17T07:12:06+00:00\",\"description\":\"Contact H\u00f4tel Au Chamois d'Or in Alpe d'Huez for any questions or reservations. We will be happy to help you.\",\"breadcrumb\":{\"@id\":\"https:\\\/\\\/chamoisdor-alpedhuez.com\\\/en\\\/contact\\\/#breadcrumb\"},\"inLanguage\":\"en-GB\",\"potentialAction\":[{\"@type\":\"ReadAction\",\"target\":[\"https:\\\/\\\/chamoisdor-alpedhuez.com\\\/en\\\/contact\\\/\"]}]},{\"@type\":\"ImageObject\",\"inLanguage\":\"en-GB\",\"@id\":\"https:\\\/\\\/chamoisdor-alpedhuez.com\\\/en\\\/contact\\\/#primaryimage\",\"url\":\"https:\\\/\\\/chamoisdor-alpedhuez.com\\\/wp-content\\\/uploads\\\/2024\\\/07\\\/casiers-a-ski-de-lhotel.jpg\",\"contentUrl\":\"https:\\\/\\\/chamoisdor-alpedhuez.com\\\/wp-content\\\/uploads\\\/2024\\\/07\\\/casiers-a-ski-de-lhotel.jpg\",\"width\":1142,\"height\":800,\"caption\":\"Hotel ski lockers\"},{\"@type\":\"BreadcrumbList\",\"@id\":\"https:\\\/\\\/chamoisdor-alpedhuez.com\\\/en\\\/contact\\\/#breadcrumb\",\"itemListElement\":[{\"@type\":\"ListItem\",\"position\":1,\"name\":\"Accueil\",\"item\":\"https:\\\/\\\/chamoisdor-alpedhuez.com\\\/en\\\/terms-and-conditions\\\/\"},{\"@type\":\"ListItem\",\"position\":2,\"name\":\"Contact H\u00f4tel Au Chamois d&#8217;Or in l&#8217;Alpe d&#8217;Huez\"}]},{\"@type\":\"WebSite\",\"@id\":\"https:\\\/\\\/chamoisdor-alpedhuez.com\\\/en\\\/#website\",\"url\":\"https:\\\/\\\/chamoisdor-alpedhuez.com\\\/en\\\/\",\"name\":\"H\u00f4tel les Campanules \u00e0 Tignes\",\"description\":\"\",\"publisher\":{\"@id\":\"https:\\\/\\\/chamoisdor-alpedhuez.com\\\/en\\\/#organization\"},\"potentialAction\":[{\"@type\":\"SearchAction\",\"target\":{\"@type\":\"EntryPoint\",\"urlTemplate\":\"https:\\\/\\\/chamoisdor-alpedhuez.com\\\/en\\\/?s={search_term_string}\"},\"query-input\":{\"@type\":\"PropertyValueSpecification\",\"valueRequired\":true,\"valueName\":\"search_term_string\"}}],\"inLanguage\":\"en-GB\"},{\"@type\":\"Organization\",\"@id\":\"https:\\\/\\\/chamoisdor-alpedhuez.com\\\/en\\\/#organization\",\"name\":\"H\u00f4tel Campanules\",\"url\":\"https:\\\/\\\/chamoisdor-alpedhuez.com\\\/en\\\/\",\"logo\":{\"@type\":\"ImageObject\",\"inLanguage\":\"en-GB\",\"@id\":\"https:\\\/\\\/chamoisdor-alpedhuez.com\\\/en\\\/#\\\/schema\\\/logo\\\/image\\\/\",\"url\":\"https:\\\/\\\/chamoisdor-alpedhuez.com\\\/wp-content\\\/uploads\\\/2024\\\/04\\\/cropped-Logo.png\",\"contentUrl\":\"https:\\\/\\\/chamoisdor-alpedhuez.com\\\/wp-content\\\/uploads\\\/2024\\\/04\\\/cropped-Logo.png\",\"width\":512,\"height\":512,\"caption\":\"H\u00f4tel Campanules\"},\"image\":{\"@id\":\"https:\\\/\\\/chamoisdor-alpedhuez.com\\\/en\\\/#\\\/schema\\\/logo\\\/image\\\/\"},\"sameAs\":[\"https:\\\/\\\/www.facebook.com\\\/campanulestignes\",\"https:\\\/\\\/www.instagram.com\\\/lescampanules\\\/\",\"https:\\\/\\\/www.linkedin.com\\\/company\\\/les-etincelles-collection\\\/\"]}]}<\/script>\n<!-- \/ Yoast SEO plugin. -->","yoast_head_json":{"title":"Contact H\u00f4tel Au Chamois d'Or in l'Alpe d'Huez - H\u00f4tel Chamois d&#039;Or","description":"Contact H\u00f4tel Au Chamois d'Or in Alpe d'Huez for any questions or reservations. We will be happy to help you.","robots":{"index":"index","follow":"follow","max-snippet":"max-snippet:-1","max-image-preview":"max-image-preview:large","max-video-preview":"max-video-preview:-1"},"canonical":"https:\/\/chamoisdor-alpedhuez.com\/en\/contact\/","og_locale":"en_GB","og_type":"article","og_title":"Contact H\u00f4tel Au Chamois d'Or in l'Alpe d'Huez - H\u00f4tel Chamois d&#039;Or","og_description":"Contact H\u00f4tel Au Chamois d'Or in Alpe d'Huez for any questions or reservations. We will be happy to help you.","og_url":"https:\/\/chamoisdor-alpedhuez.com\/en\/contact\/","og_site_name":"H\u00f4tel Chamois d&#039;Or","article_publisher":"https:\/\/www.facebook.com\/campanulestignes","article_modified_time":"2026-01-17T07:12:06+00:00","og_image":[{"width":1142,"height":800,"url":"https:\/\/chamoisdor-alpedhuez.com\/wp-content\/uploads\/2024\/07\/casiers-a-ski-de-lhotel.jpg","type":"image\/jpeg"}],"twitter_card":"summary_large_image","twitter_misc":{"Estimated reading time":"1 minute"},"schema":{"@context":"https:\/\/schema.org","@graph":[{"@type":"WebPage","@id":"https:\/\/chamoisdor-alpedhuez.com\/en\/contact\/","url":"https:\/\/chamoisdor-alpedhuez.com\/en\/contact\/","name":"Contact H\u00f4tel Au Chamois d'Or in l'Alpe d'Huez - H\u00f4tel Chamois d&#039;Or","isPartOf":{"@id":"https:\/\/chamoisdor-alpedhuez.com\/en\/#website"},"primaryImageOfPage":{"@id":"https:\/\/chamoisdor-alpedhuez.com\/en\/contact\/#primaryimage"},"image":{"@id":"https:\/\/chamoisdor-alpedhuez.com\/en\/contact\/#primaryimage"},"thumbnailUrl":"https:\/\/chamoisdor-alpedhuez.com\/wp-content\/uploads\/2024\/07\/casiers-a-ski-de-lhotel.jpg","datePublished":"2023-04-24T02:44:41+00:00","dateModified":"2026-01-17T07:12:06+00:00","description":"Contact H\u00f4tel Au Chamois d'Or in Alpe d'Huez for any questions or reservations. We will be happy to help you.","breadcrumb":{"@id":"https:\/\/chamoisdor-alpedhuez.com\/en\/contact\/#breadcrumb"},"inLanguage":"en-GB","potentialAction":[{"@type":"ReadAction","target":["https:\/\/chamoisdor-alpedhuez.com\/en\/contact\/"]}]},{"@type":"ImageObject","inLanguage":"en-GB","@id":"https:\/\/chamoisdor-alpedhuez.com\/en\/contact\/#primaryimage","url":"https:\/\/chamoisdor-alpedhuez.com\/wp-content\/uploads\/2024\/07\/casiers-a-ski-de-lhotel.jpg","contentUrl":"https:\/\/chamoisdor-alpedhuez.com\/wp-content\/uploads\/2024\/07\/casiers-a-ski-de-lhotel.jpg","width":1142,"height":800,"caption":"Hotel ski lockers"},{"@type":"BreadcrumbList","@id":"https:\/\/chamoisdor-alpedhuez.com\/en\/contact\/#breadcrumb","itemListElement":[{"@type":"ListItem","position":1,"name":"Accueil","item":"https:\/\/chamoisdor-alpedhuez.com\/en\/terms-and-conditions\/"},{"@type":"ListItem","position":2,"name":"Contact H\u00f4tel Au Chamois d&#8217;Or in l&#8217;Alpe d&#8217;Huez"}]},{"@type":"WebSite","@id":"https:\/\/chamoisdor-alpedhuez.com\/en\/#website","url":"https:\/\/chamoisdor-alpedhuez.com\/en\/","name":"H\u00f4tel les Campanules \u00e0 Tignes","description":"","publisher":{"@id":"https:\/\/chamoisdor-alpedhuez.com\/en\/#organization"},"potentialAction":[{"@type":"SearchAction","target":{"@type":"EntryPoint","urlTemplate":"https:\/\/chamoisdor-alpedhuez.com\/en\/?s={search_term_string}"},"query-input":{"@type":"PropertyValueSpecification","valueRequired":true,"valueName":"search_term_string"}}],"inLanguage":"en-GB"},{"@type":"Organization","@id":"https:\/\/chamoisdor-alpedhuez.com\/en\/#organization","name":"H\u00f4tel Campanules","url":"https:\/\/chamoisdor-alpedhuez.com\/en\/","logo":{"@type":"ImageObject","inLanguage":"en-GB","@id":"https:\/\/chamoisdor-alpedhuez.com\/en\/#\/schema\/logo\/image\/","url":"https:\/\/chamoisdor-alpedhuez.com\/wp-content\/uploads\/2024\/04\/cropped-Logo.png","contentUrl":"https:\/\/chamoisdor-alpedhuez.com\/wp-content\/uploads\/2024\/04\/cropped-Logo.png","width":512,"height":512,"caption":"H\u00f4tel Campanules"},"image":{"@id":"https:\/\/chamoisdor-alpedhuez.com\/en\/#\/schema\/logo\/image\/"},"sameAs":["https:\/\/www.facebook.com\/campanulestignes","https:\/\/www.instagram.com\/lescampanules\/","https:\/\/www.linkedin.com\/company\/les-etincelles-collection\/"]}]}},"_links":{"self":[{"href":"https:\/\/chamoisdor-alpedhuez.com\/en\/wp-json\/wp\/v2\/pages\/3719","targetHints":{"allow":["GET"]}}],"collection":[{"href":"https:\/\/chamoisdor-alpedhuez.com\/en\/wp-json\/wp\/v2\/pages"}],"about":[{"href":"https:\/\/chamoisdor-alpedhuez.com\/en\/wp-json\/wp\/v2\/types\/page"}],"author":[{"embeddable":true,"href":"https:\/\/chamoisdor-alpedhuez.com\/en\/wp-json\/wp\/v2\/users\/1"}],"replies":[{"embeddable":true,"href":"https:\/\/chamoisdor-alpedhuez.com\/en\/wp-json\/wp\/v2\/comments?post=3719"}],"version-history":[{"count":27,"href":"https:\/\/chamoisdor-alpedhuez.com\/en\/wp-json\/wp\/v2\/pages\/3719\/revisions"}],"predecessor-version":[{"id":6061,"href":"https:\/\/chamoisdor-alpedhuez.com\/en\/wp-json\/wp\/v2\/pages\/3719\/revisions\/6061"}],"wp:featuredmedia":[{"embeddable":true,"href":"https:\/\/chamoisdor-alpedhuez.com\/en\/wp-json\/wp\/v2\/media\/5059"}],"wp:attachment":[{"href":"https:\/\/chamoisdor-alpedhuez.com\/en\/wp-json\/wp\/v2\/media?parent=3719"}],"curies":[{"name":"wp","href":"https:\/\/api.w.org\/{rel}","templated":true}]}}